{"id":126,"date":"2024-01-05T16:29:23","date_gmt":"2024-01-05T16:29:23","guid":{"rendered":"http:\/\/192.168.10.5\/?page_id=126"},"modified":"2024-03-13T15:23:19","modified_gmt":"2024-03-13T15:23:19","slug":"services","status":"publish","type":"page","link":"https:\/\/rinformatique.eu\/index.php\/services\/","title":{"rendered":"Services"},"content":{"rendered":"\n<div class=\"wp-block-group alignfull is-layout-constrained wp-container-core-group-is-layout-a3c0914e wp-block-group-is-layout-constrained\" style=\"margin-top:0px;margin-bottom:0px;padding-top:var(--wp--preset--spacing--80);padding-right:var(--wp--preset--spacing--40);padding-bottom:var(--wp--preset--spacing--80);padding-left:var(--wp--preset--spacing--40)\">\n<div class=\"wp-block-group alignwide is-layout-flow wp-container-core-group-is-layout-05898ac8 wp-block-group-is-layout-flow\">\n<h1 class=\"wp-block-heading has-text-align-center has-xxl-font-size\"><mark style=\"background-color:rgba(0, 0, 0, 0);color:#f97f00\" class=\"has-inline-color\">INFORMATIQUE<\/mark><\/h1>\n\n\n\n<p class=\"has-text-align-center has-medium-font-size\">Notre \u00e9quipe passionn\u00e9 d&rsquo;informatique vous propose les services suivants :<\/p>\n\n\n\n<hr class=\"wp-block-separator has-text-color has-raft-accent-color has-alpha-channel-opacity has-raft-accent-background-color has-background\"\/>\n\n\n\n<div class=\"wp-block-columns is-layout-flex wp-container-core-columns-is-layout-28f84493 wp-block-columns-is-layout-flex\">\n<div class=\"wp-block-column is-vertically-aligned-top has-raft-bg-alt-background-color has-background is-layout-flow wp-block-column-is-layout-flow\" style=\"padding-top:var(--wp--preset--spacing--40);padding-right:var(--wp--preset--spacing--40);padding-bottom:var(--wp--preset--spacing--40);padding-left:var(--wp--preset--spacing--40)\">\n<figure class=\"wp-block-image size-full is-resized is-style-default\"><img loading=\"lazy\" decoding=\"async\" width=\"576\" height=\"360\" src=\"http:\/\/192.168.10.5\/wp-content\/uploads\/2024\/01\/Depannage-et-assistance-informatique-a-Le-Kremlin-Bicetre-94270-1-edited-1.jpg\" alt=\"\" class=\"wp-image-132\" srcset=\"https:\/\/rinformatique.eu\/wp-content\/uploads\/2024\/01\/Depannage-et-assistance-informatique-a-Le-Kremlin-Bicetre-94270-1-edited-1.jpg 576w, https:\/\/rinformatique.eu\/wp-content\/uploads\/2024\/01\/Depannage-et-assistance-informatique-a-Le-Kremlin-Bicetre-94270-1-edited-1-300x188.jpg 300w\" sizes=\"auto, (max-width: 576px) 100vw, 576px\" \/><\/figure>\n\n\n\n<h5 class=\"wp-block-heading\">D\u00e9pannage &amp; Diagnostiques<\/h5>\n\n\n\n<p>Notre atelier est ouvert \u00e0 tous les d\u00e9fies que vous nous donneraient.<\/p>\n\n\n\n<div class=\"wp-block-buttons is-content-justification-space-between is-layout-flex wp-container-core-buttons-is-layout-b2891da8 wp-block-buttons-is-layout-flex\">\n<div class=\"wp-block-button is-style-fill\"><a class=\"wp-block-button__link wp-element-button\" style=\"padding-top:8px;padding-right:16px;padding-bottom:8px;padding-left:16px\">Plus d&rsquo;infos<\/a><\/div>\n<\/div>\n<\/div>\n\n\n\n<div class=\"wp-block-column is-vertically-aligned-top has-raft-bg-alt-background-color has-background is-layout-flow wp-block-column-is-layout-flow\" style=\"padding-top:var(--wp--preset--spacing--40);padding-right:var(--wp--preset--spacing--40);padding-bottom:var(--wp--preset--spacing--40);padding-left:var(--wp--preset--spacing--40)\">\n<figure class=\"wp-block-image size-full is-resized is-style-default\"><img loading=\"lazy\" decoding=\"async\" width=\"2048\" height=\"1280\" src=\"http:\/\/192.168.10.5\/wp-content\/uploads\/2024\/01\/PHOTO-2024-01-05-17-07-37_2-edited.jpg\" alt=\"\" class=\"wp-image-133\" srcset=\"https:\/\/rinformatique.eu\/wp-content\/uploads\/2024\/01\/PHOTO-2024-01-05-17-07-37_2-edited.jpg 2048w, https:\/\/rinformatique.eu\/wp-content\/uploads\/2024\/01\/PHOTO-2024-01-05-17-07-37_2-edited-300x188.jpg 300w, https:\/\/rinformatique.eu\/wp-content\/uploads\/2024\/01\/PHOTO-2024-01-05-17-07-37_2-edited-1024x640.jpg 1024w, https:\/\/rinformatique.eu\/wp-content\/uploads\/2024\/01\/PHOTO-2024-01-05-17-07-37_2-edited-768x480.jpg 768w, https:\/\/rinformatique.eu\/wp-content\/uploads\/2024\/01\/PHOTO-2024-01-05-17-07-37_2-edited-1536x960.jpg 1536w\" sizes=\"auto, (max-width: 2048px) 100vw, 2048px\" \/><\/figure>\n\n\n\n<h5 class=\"wp-block-heading\">Vente de Mat\u00e9riels<\/h5>\n\n\n\n<p>Du PC reconditionn\u00e9 v\u00e9rifier dans nos ateliers au PC Gaming Mont\u00e9 par notre monteur, venez d\u00e9couvrir nos articles en magasin.<\/p>\n\n\n\n<div class=\"wp-block-buttons is-content-justification-space-between is-layout-flex wp-container-core-buttons-is-layout-b2891da8 wp-block-buttons-is-layout-flex\">\n<div class=\"wp-block-button is-style-fill\"><a class=\"wp-block-button__link wp-element-button\" style=\"padding-top:8px;padding-right:16px;padding-bottom:8px;padding-left:16px\">Plus d&rsquo;infos<\/a><\/div>\n<\/div>\n<\/div>\n\n\n\n<div class=\"wp-block-column is-vertically-aligned-top has-raft-bg-alt-background-color has-background is-layout-flow wp-block-column-is-layout-flow\" style=\"padding-top:var(--wp--preset--spacing--40);padding-right:var(--wp--preset--spacing--40);padding-bottom:var(--wp--preset--spacing--40);padding-left:var(--wp--preset--spacing--40)\">\n<figure class=\"wp-block-image size-full is-resized is-style-default\"><img loading=\"lazy\" decoding=\"async\" width=\"626\" height=\"391\" src=\"http:\/\/192.168.10.5\/wp-content\/uploads\/2024\/01\/Composition-Isometrique-Des-Services-Cloud-Avec-De-Gros-elements-Dinfrastructure-De-Cloud-Computing-Connectes-Avec-Des-Lignes-Pointillees-Illustration-Vectorielle-Vecteur-Gratuite-edited.jpg\" alt=\"\" class=\"wp-image-135\" srcset=\"https:\/\/rinformatique.eu\/wp-content\/uploads\/2024\/01\/Composition-Isometrique-Des-Services-Cloud-Avec-De-Gros-elements-Dinfrastructure-De-Cloud-Computing-Connectes-Avec-Des-Lignes-Pointillees-Illustration-Vectorielle-Vecteur-Gratuite-edited.jpg 626w, https:\/\/rinformatique.eu\/wp-content\/uploads\/2024\/01\/Composition-Isometrique-Des-Services-Cloud-Avec-De-Gros-elements-Dinfrastructure-De-Cloud-Computing-Connectes-Avec-Des-Lignes-Pointillees-Illustration-Vectorielle-Vecteur-Gratuite-edited-300x187.jpg 300w\" sizes=\"auto, (max-width: 626px) 100vw, 626px\" \/><\/figure>\n\n\n\n<h5 class=\"wp-block-heading\">D\u00e9ploiement &amp; Maintenance <\/h5>\n\n\n\n<p>Faite nous confiance pour en tenir et d\u00e9ployer vos services informatiques<\/p>\n\n\n\n<div class=\"wp-block-buttons is-content-justification-space-between is-layout-flex wp-container-core-buttons-is-layout-b2891da8 wp-block-buttons-is-layout-flex\">\n<div class=\"wp-block-button is-style-fill\"><a class=\"wp-block-button__link wp-element-button\" style=\"padding-top:8px;padding-right:16px;padding-bottom:8px;padding-left:16px\">Plus d&rsquo;infos<\/a><\/div>\n<\/div>\n<\/div>\n<\/div>\n<\/div>\n<\/div>\n\n\n\n<div class=\"wp-block-group alignfull has-raft-bg-alt-background-color has-background is-layout-constrained wp-container-core-group-is-layout-961c5100 wp-block-group-is-layout-constrained\" style=\"margin-top:0;margin-bottom:0;padding-top:var(--wp--preset--spacing--80);padding-right:var(--wp--preset--spacing--40);padding-bottom:var(--wp--preset--spacing--80);padding-left:var(--wp--preset--spacing--40)\">\n<div class=\"wp-block-group is-layout-flow wp-block-group-is-layout-flow\">\n<h2 class=\"wp-block-heading has-text-align-center has-huge-font-size\"><mark style=\"background-color:rgba(0, 0, 0, 0);color:#f97f00\" class=\"has-inline-color\">Vid\u00e9o surveillance<\/mark><\/h2>\n\n\n\n<p class=\"has-text-align-center has-large-font-size\">Un savoir faire et une passion<\/p>\n\n\n\n<div style=\"height:40px\" aria-hidden=\"true\" class=\"wp-block-spacer\"><\/div>\n<\/div>\n\n\n\n<div class=\"wp-block-group alignwide is-layout-flow wp-block-group-is-layout-flow\">\n<div class=\"wp-block-columns is-layout-flex wp-container-core-columns-is-layout-28f84493 wp-block-columns-is-layout-flex\">\n<div class=\"wp-block-column is-vertically-aligned-center is-layout-flow wp-container-core-column-is-layout-119bc444 wp-block-column-is-layout-flow\">\n<h3 class=\"wp-block-heading\">Venez D\u00e9couvrir Nos Show-rooms Vid\u00e9o Surveillance. <\/h3>\n\n\n\n<div class=\"wp-block-buttons is-layout-flex wp-block-buttons-is-layout-flex\">\n<div class=\"wp-block-button\"><a class=\"wp-block-button__link wp-element-button\" href=\"http:\/\/rinformatique.eu\/index.php\/cameras\/\">Plus d&rsquo;infos<\/a><\/div>\n<\/div>\n<\/div>\n\n\n\n<div class=\"wp-block-column is-layout-flow wp-block-column-is-layout-flow\">\n<figure class=\"wp-block-image size-full is-style-default\"><img loading=\"lazy\" decoding=\"async\" width=\"2048\" height=\"1536\" src=\"http:\/\/192.168.10.5\/wp-content\/uploads\/2024\/01\/PHOTO-2024-01-05-17-07-31.jpg\" alt=\"\" class=\"wp-image-105\" srcset=\"https:\/\/rinformatique.eu\/wp-content\/uploads\/2024\/01\/PHOTO-2024-01-05-17-07-31.jpg 2048w, https:\/\/rinformatique.eu\/wp-content\/uploads\/2024\/01\/PHOTO-2024-01-05-17-07-31-300x225.jpg 300w, https:\/\/rinformatique.eu\/wp-content\/uploads\/2024\/01\/PHOTO-2024-01-05-17-07-31-1024x768.jpg 1024w, https:\/\/rinformatique.eu\/wp-content\/uploads\/2024\/01\/PHOTO-2024-01-05-17-07-31-768x576.jpg 768w, https:\/\/rinformatique.eu\/wp-content\/uploads\/2024\/01\/PHOTO-2024-01-05-17-07-31-1536x1152.jpg 1536w\" sizes=\"auto, (max-width: 2048px) 100vw, 2048px\" \/><\/figure>\n<\/div>\n<\/div>\n<\/div>\n<\/div>\n","protected":false},"excerpt":{"rendered":"<p>INFORMATIQUE Notre \u00e9quipe passionn\u00e9 d&rsquo;informatique vous propose les services suivants : D\u00e9pannage &amp; Diagnostiques Notre atelier est ouvert \u00e0 tous les d\u00e9fies que vous nous donneraient. Vente de Mat\u00e9riels Du PC reconditionn\u00e9 v\u00e9rifier dans nos ateliers au PC Gaming Mont\u00e9 par notre monteur, venez d\u00e9couvrir nos articles en magasin. D\u00e9ploiement &amp; Maintenance Faite nous confiance [&hellip;]<\/p>\n","protected":false},"author":1,"featured_media":0,"parent":0,"menu_order":0,"comment_status":"closed","ping_status":"closed","template":"","meta":{"footnotes":""},"class_list":["post-126","page","type-page","status-publish","hentry"],"yoast_head":"<!-- This site is optimized with the Yoast SEO plugin v22.8 - https:\/\/yoast.com\/wordpress\/plugins\/seo\/ -->\n<title>Services - Rinformatique<\/title>\n<meta name=\"robots\" content=\"index, follow, max-snippet:-1, max-image-preview:large, max-video-preview:-1\" \/>\n<link rel=\"canonical\" href=\"https:\/\/rinformatique.eu\/index.php\/services\/\" \/>\n<meta property=\"og:locale\" content=\"fr_FR\" \/>\n<meta property=\"og:type\" content=\"article\" \/>\n<meta property=\"og:title\" content=\"Services - Rinformatique\" \/>\n<meta property=\"og:description\" content=\"INFORMATIQUE Notre \u00e9quipe passionn\u00e9 d&rsquo;informatique vous propose les services suivants : D\u00e9pannage &amp; Diagnostiques Notre atelier est ouvert \u00e0 tous les d\u00e9fies que vous nous donneraient. Vente de Mat\u00e9riels Du PC reconditionn\u00e9 v\u00e9rifier dans nos ateliers au PC Gaming Mont\u00e9 par notre monteur, venez d\u00e9couvrir nos articles en magasin. D\u00e9ploiement &amp; Maintenance Faite nous confiance [&hellip;]\" \/>\n<meta property=\"og:url\" content=\"https:\/\/rinformatique.eu\/index.php\/services\/\" \/>\n<meta property=\"og:site_name\" content=\"Rinformatique\" \/>\n<meta property=\"article:modified_time\" content=\"2024-03-13T15:23:19+00:00\" \/>\n<meta property=\"og:image\" content=\"http:\/\/192.168.10.5\/wp-content\/uploads\/2024\/01\/Depannage-et-assistance-informatique-a-Le-Kremlin-Bicetre-94270-1-edited-1.jpg\" \/>\n<meta name=\"twitter:card\" content=\"summary_large_image\" \/>\n<script type=\"application\/ld+json\" class=\"yoast-schema-graph\">{\"@context\":\"https:\/\/schema.org\",\"@graph\":[{\"@type\":\"WebPage\",\"@id\":\"https:\/\/rinformatique.eu\/index.php\/services\/\",\"url\":\"https:\/\/rinformatique.eu\/index.php\/services\/\",\"name\":\"Services - Rinformatique\",\"isPartOf\":{\"@id\":\"https:\/\/rinformatique.eu\/#website\"},\"primaryImageOfPage\":{\"@id\":\"https:\/\/rinformatique.eu\/index.php\/services\/#primaryimage\"},\"image\":{\"@id\":\"https:\/\/rinformatique.eu\/index.php\/services\/#primaryimage\"},\"thumbnailUrl\":\"http:\/\/192.168.10.5\/wp-content\/uploads\/2024\/01\/Depannage-et-assistance-informatique-a-Le-Kremlin-Bicetre-94270-1-edited-1.jpg\",\"datePublished\":\"2024-01-05T16:29:23+00:00\",\"dateModified\":\"2024-03-13T15:23:19+00:00\",\"breadcrumb\":{\"@id\":\"https:\/\/rinformatique.eu\/index.php\/services\/#breadcrumb\"},\"inLanguage\":\"fr-FR\",\"potentialAction\":[{\"@type\":\"ReadAction\",\"target\":[\"https:\/\/rinformatique.eu\/index.php\/services\/\"]}]},{\"@type\":\"ImageObject\",\"inLanguage\":\"fr-FR\",\"@id\":\"https:\/\/rinformatique.eu\/index.php\/services\/#primaryimage\",\"url\":\"http:\/\/192.168.10.5\/wp-content\/uploads\/2024\/01\/Depannage-et-assistance-informatique-a-Le-Kremlin-Bicetre-94270-1-edited-1.jpg\",\"contentUrl\":\"http:\/\/192.168.10.5\/wp-content\/uploads\/2024\/01\/Depannage-et-assistance-informatique-a-Le-Kremlin-Bicetre-94270-1-edited-1.jpg\"},{\"@type\":\"BreadcrumbList\",\"@id\":\"https:\/\/rinformatique.eu\/index.php\/services\/#breadcrumb\",\"itemListElement\":[{\"@type\":\"ListItem\",\"position\":1,\"name\":\"Accueil\",\"item\":\"https:\/\/rinformatique.eu\/\"},{\"@type\":\"ListItem\",\"position\":2,\"name\":\"Services\"}]},{\"@type\":\"WebSite\",\"@id\":\"https:\/\/rinformatique.eu\/#website\",\"url\":\"https:\/\/rinformatique.eu\/\",\"name\":\"La Boutique du R\u00e9seaux\",\"description\":\"Votre Partn&#039;R informatique\",\"publisher\":{\"@id\":\"https:\/\/rinformatique.eu\/#organization\"},\"potentialAction\":[{\"@type\":\"SearchAction\",\"target\":{\"@type\":\"EntryPoint\",\"urlTemplate\":\"https:\/\/rinformatique.eu\/?s={search_term_string}\"},\"query-input\":\"required name=search_term_string\"}],\"inLanguage\":\"fr-FR\"},{\"@type\":\"Organization\",\"@id\":\"https:\/\/rinformatique.eu\/#organization\",\"name\":\"R informatique\",\"url\":\"https:\/\/rinformatique.eu\/\",\"logo\":{\"@type\":\"ImageObject\",\"inLanguage\":\"fr-FR\",\"@id\":\"https:\/\/rinformatique.eu\/#\/schema\/logo\/image\/\",\"url\":\"https:\/\/rinformatique.eu\/wp-content\/uploads\/2023\/12\/Design_sans_titre-removebg-preview.png\",\"contentUrl\":\"https:\/\/rinformatique.eu\/wp-content\/uploads\/2023\/12\/Design_sans_titre-removebg-preview.png\",\"width\":500,\"height\":500,\"caption\":\"R informatique\"},\"image\":{\"@id\":\"https:\/\/rinformatique.eu\/#\/schema\/logo\/image\/\"},\"sameAs\":[\"https:\/\/www.linkedin.com\/company\/ridge-informatique\/\"]}]}<\/script>\n<!-- \/ Yoast SEO plugin. -->","yoast_head_json":{"title":"Services - Rinformatique","robots":{"index":"index","follow":"follow","max-snippet":"max-snippet:-1","max-image-preview":"max-image-preview:large","max-video-preview":"max-video-preview:-1"},"canonical":"https:\/\/rinformatique.eu\/index.php\/services\/","og_locale":"fr_FR","og_type":"article","og_title":"Services - Rinformatique","og_description":"INFORMATIQUE Notre \u00e9quipe passionn\u00e9 d&rsquo;informatique vous propose les services suivants : D\u00e9pannage &amp; Diagnostiques Notre atelier est ouvert \u00e0 tous les d\u00e9fies que vous nous donneraient. Vente de Mat\u00e9riels Du PC reconditionn\u00e9 v\u00e9rifier dans nos ateliers au PC Gaming Mont\u00e9 par notre monteur, venez d\u00e9couvrir nos articles en magasin. D\u00e9ploiement &amp; Maintenance Faite nous confiance [&hellip;]","og_url":"https:\/\/rinformatique.eu\/index.php\/services\/","og_site_name":"Rinformatique","article_modified_time":"2024-03-13T15:23:19+00:00","og_image":[{"url":"http:\/\/192.168.10.5\/wp-content\/uploads\/2024\/01\/Depannage-et-assistance-informatique-a-Le-Kremlin-Bicetre-94270-1-edited-1.jpg"}],"twitter_card":"summary_large_image","schema":{"@context":"https:\/\/schema.org","@graph":[{"@type":"WebPage","@id":"https:\/\/rinformatique.eu\/index.php\/services\/","url":"https:\/\/rinformatique.eu\/index.php\/services\/","name":"Services - Rinformatique","isPartOf":{"@id":"https:\/\/rinformatique.eu\/#website"},"primaryImageOfPage":{"@id":"https:\/\/rinformatique.eu\/index.php\/services\/#primaryimage"},"image":{"@id":"https:\/\/rinformatique.eu\/index.php\/services\/#primaryimage"},"thumbnailUrl":"http:\/\/192.168.10.5\/wp-content\/uploads\/2024\/01\/Depannage-et-assistance-informatique-a-Le-Kremlin-Bicetre-94270-1-edited-1.jpg","datePublished":"2024-01-05T16:29:23+00:00","dateModified":"2024-03-13T15:23:19+00:00","breadcrumb":{"@id":"https:\/\/rinformatique.eu\/index.php\/services\/#breadcrumb"},"inLanguage":"fr-FR","potentialAction":[{"@type":"ReadAction","target":["https:\/\/rinformatique.eu\/index.php\/services\/"]}]},{"@type":"ImageObject","inLanguage":"fr-FR","@id":"https:\/\/rinformatique.eu\/index.php\/services\/#primaryimage","url":"http:\/\/192.168.10.5\/wp-content\/uploads\/2024\/01\/Depannage-et-assistance-informatique-a-Le-Kremlin-Bicetre-94270-1-edited-1.jpg","contentUrl":"http:\/\/192.168.10.5\/wp-content\/uploads\/2024\/01\/Depannage-et-assistance-informatique-a-Le-Kremlin-Bicetre-94270-1-edited-1.jpg"},{"@type":"BreadcrumbList","@id":"https:\/\/rinformatique.eu\/index.php\/services\/#breadcrumb","itemListElement":[{"@type":"ListItem","position":1,"name":"Accueil","item":"https:\/\/rinformatique.eu\/"},{"@type":"ListItem","position":2,"name":"Services"}]},{"@type":"WebSite","@id":"https:\/\/rinformatique.eu\/#website","url":"https:\/\/rinformatique.eu\/","name":"La Boutique du R\u00e9seaux","description":"Votre Partn&#039;R informatique","publisher":{"@id":"https:\/\/rinformatique.eu\/#organization"},"potentialAction":[{"@type":"SearchAction","target":{"@type":"EntryPoint","urlTemplate":"https:\/\/rinformatique.eu\/?s={search_term_string}"},"query-input":"required name=search_term_string"}],"inLanguage":"fr-FR"},{"@type":"Organization","@id":"https:\/\/rinformatique.eu\/#organization","name":"R informatique","url":"https:\/\/rinformatique.eu\/","logo":{"@type":"ImageObject","inLanguage":"fr-FR","@id":"https:\/\/rinformatique.eu\/#\/schema\/logo\/image\/","url":"https:\/\/rinformatique.eu\/wp-content\/uploads\/2023\/12\/Design_sans_titre-removebg-preview.png","contentUrl":"https:\/\/rinformatique.eu\/wp-content\/uploads\/2023\/12\/Design_sans_titre-removebg-preview.png","width":500,"height":500,"caption":"R informatique"},"image":{"@id":"https:\/\/rinformatique.eu\/#\/schema\/logo\/image\/"},"sameAs":["https:\/\/www.linkedin.com\/company\/ridge-informatique\/"]}]}},"_links":{"self":[{"href":"https:\/\/rinformatique.eu\/index.php\/wp-json\/wp\/v2\/pages\/126","targetHints":{"allow":["GET"]}}],"collection":[{"href":"https:\/\/rinformatique.eu\/index.php\/wp-json\/wp\/v2\/pages"}],"about":[{"href":"https:\/\/rinformatique.eu\/index.php\/wp-json\/wp\/v2\/types\/page"}],"author":[{"embeddable":true,"href":"https:\/\/rinformatique.eu\/index.php\/wp-json\/wp\/v2\/users\/1"}],"replies":[{"embeddable":true,"href":"https:\/\/rinformatique.eu\/index.php\/wp-json\/wp\/v2\/comments?post=126"}],"version-history":[{"count":12,"href":"https:\/\/rinformatique.eu\/index.php\/wp-json\/wp\/v2\/pages\/126\/revisions"}],"predecessor-version":[{"id":197,"href":"https:\/\/rinformatique.eu\/index.php\/wp-json\/wp\/v2\/pages\/126\/revisions\/197"}],"wp:attachment":[{"href":"https:\/\/rinformatique.eu\/index.php\/wp-json\/wp\/v2\/media?parent=126"}],"curies":[{"name":"wp","href":"https:\/\/api.w.org\/{rel}","templated":true}]}}