{"id":141,"date":"2024-01-18T08:34:07","date_gmt":"2024-01-18T08:34:07","guid":{"rendered":"http:\/\/192.168.10.5\/?page_id=141"},"modified":"2024-04-22T12:32:14","modified_gmt":"2024-04-22T12:32:14","slug":"cameras","status":"publish","type":"page","link":"https:\/\/rinformatique.eu\/index.php\/cameras\/","title":{"rendered":"Vid\u00e9o Surveillance"},"content":{"rendered":"\n<div class=\"wp-block-group alignfull is-layout-constrained wp-container-core-group-is-layout-26666c0f wp-block-group-is-layout-constrained\" style=\"margin-top:0;margin-bottom:0;padding-top:var(--wp--preset--spacing--80);padding-right:var(--wp--preset--spacing--40);padding-bottom:var(--wp--preset--spacing--80);padding-left:var(--wp--preset--spacing--40)\">\n<div class=\"wp-block-group alignwide is-layout-flow wp-block-group-is-layout-flow\">\n<div class=\"wp-block-columns is-layout-flex wp-container-core-columns-is-layout-28f84493 wp-block-columns-is-layout-flex\">\n<div class=\"wp-block-column is-layout-flow wp-block-column-is-layout-flow\" style=\"flex-basis:50%\">\n<h2 class=\"wp-block-heading\">Un Devis, <\/h2>\n\n\n\n<h2 class=\"wp-block-heading\">un Conseil ? <\/h2>\n<\/div>\n\n\n\n<div class=\"wp-block-column is-layout-flow wp-block-column-is-layout-flow\" style=\"flex-basis:50%\">\n<p class=\"has-text-align-left\">Prenez rendez-vous pour un devis avec notre expert en vid\u00e9o surveillance qui saura vous conseiller <\/p>\n\n\n\n<div class=\"wp-block-buttons is-layout-flex wp-block-buttons-is-layout-flex\">\n<div class=\"wp-block-button is-style-primary is-style-fill\"><a class=\"wp-block-button__link wp-element-button\" href=\"https:\/\/rinformatique.eu\/index.php\/wpbc-booking\/\">Cliquez ici <\/a><\/div>\n<\/div>\n<\/div>\n<\/div>\n<\/div>\n<\/div>\n\n\n\n<div class=\"wp-block-group alignfull has-raft-fg-alt-color has-raft-accent-background-color has-text-color has-background is-layout-constrained wp-container-core-group-is-layout-87ba1f51 wp-block-group-is-layout-constrained\" style=\"margin-top:0px;margin-bottom:0px;padding-top:var(--wp--preset--spacing--80);padding-right:var(--wp--preset--spacing--40);padding-bottom:var(--wp--preset--spacing--80);padding-left:var(--wp--preset--spacing--40)\">\n<h2 class=\"wp-block-heading has-text-align-center has-raft-fg-alt-color has-text-color\">Nos produits et nos Showrooms <\/h2>\n\n\n\n<div class=\"wp-block-buttons is-content-justification-center is-layout-flex wp-container-core-buttons-is-layout-a89b3969 wp-block-buttons-is-layout-flex\"><\/div>\n<\/div>\n\n\n\n<div class=\"wp-block-group alignfull is-layout-constrained wp-container-core-group-is-layout-876a7d94 wp-block-group-is-layout-constrained\" style=\"margin-top:0px;margin-bottom:0px;padding-top:var(--wp--preset--spacing--80);padding-right:var(--wp--preset--spacing--40);padding-bottom:var(--wp--preset--spacing--80);padding-left:var(--wp--preset--spacing--40)\">\n<div class=\"wp-block-group alignwide is-layout-flow wp-container-core-group-is-layout-cd434741 wp-block-group-is-layout-flow\">\n<div class=\"wp-block-columns are-vertically-aligned-center has-raft-bg-alt-background-color has-background is-layout-flex wp-container-core-columns-is-layout-e05d3243 wp-block-columns-is-layout-flex\" style=\"padding-top:0px;padding-right:0px;padding-bottom:0px;padding-left:0px\">\n<div class=\"wp-block-column is-vertically-aligned-center is-layout-flow wp-block-column-is-layout-flow\" style=\"flex-basis:40%\">\n<figure class=\"wp-block-gallery has-nested-images columns-default is-cropped wp-block-gallery-1 is-layout-flex wp-block-gallery-is-layout-flex\">\n<figure class=\"wp-block-image size-full\"><img loading=\"lazy\" decoding=\"async\" width=\"707\" height=\"1000\" data-id=\"160\" src=\"http:\/\/rinformatique.eu\/wp-content\/uploads\/2024\/01\/showroom_Hik.jpeg\" alt=\"\" class=\"wp-image-160\" srcset=\"https:\/\/rinformatique.eu\/wp-content\/uploads\/2024\/01\/showroom_Hik.jpeg 707w, https:\/\/rinformatique.eu\/wp-content\/uploads\/2024\/01\/showroom_Hik-212x300.jpeg 212w\" sizes=\"auto, (max-width: 707px) 100vw, 707px\" \/><\/figure>\n<\/figure>\n<\/div>\n\n\n\n<div class=\"wp-block-column is-vertically-aligned-center is-layout-flow wp-container-core-column-is-layout-71c1d140 wp-block-column-is-layout-flow\" style=\"padding-top:var(--wp--preset--spacing--50);padding-right:var(--wp--preset--spacing--50);padding-bottom:var(--wp--preset--spacing--50);padding-left:var(--wp--preset--spacing--50)\">\n<h3 class=\"wp-block-heading\">HikVision<\/h3>\n\n\n\n<p>Plongez dans l&rsquo;excellence avec nos cam\u00e9ras HikVision, le pinacle de la haute gamme disponible dans notre boutique. En tant que joyaux technologiques, elles repr\u00e9sentent le summum de l&rsquo;innovation, offrant une surveillance avanc\u00e9e et une fiabilit\u00e9 in\u00e9gal\u00e9e. Optez pour le meilleur avec HikVision, synonyme de qualit\u00e9 et de performance exceptionnelles.<\/p>\n\n\n\n<div class=\"wp-block-buttons is-layout-flex wp-block-buttons-is-layout-flex\">\n<div class=\"wp-block-button is-style-primary\"><a class=\"wp-block-button__link wp-element-button\" href=\"https:\/\/www.hikvision.com\/fr\/\">En savoir +<\/a><\/div>\n<\/div>\n<\/div>\n<\/div>\n\n\n\n<div class=\"wp-block-columns are-vertically-aligned-center has-raft-bg-alt-background-color has-background is-layout-flex wp-container-core-columns-is-layout-e05d3243 wp-block-columns-is-layout-flex\" style=\"padding-top:0px;padding-right:0px;padding-bottom:0px;padding-left:0px\">\n<div class=\"wp-block-column is-vertically-aligned-center is-layout-flow wp-block-column-is-layout-flow\" style=\"flex-basis:40%\">\n<figure class=\"wp-block-image size-full\"><img loading=\"lazy\" decoding=\"async\" width=\"707\" height=\"1000\" src=\"http:\/\/rinformatique.eu\/wp-content\/uploads\/2024\/01\/showroom_Alhua.jpeg\" alt=\"\" class=\"wp-image-159\" srcset=\"https:\/\/rinformatique.eu\/wp-content\/uploads\/2024\/01\/showroom_Alhua.jpeg 707w, https:\/\/rinformatique.eu\/wp-content\/uploads\/2024\/01\/showroom_Alhua-212x300.jpeg 212w\" sizes=\"auto, (max-width: 707px) 100vw, 707px\" \/><\/figure>\n<\/div>\n\n\n\n<div class=\"wp-block-column is-vertically-aligned-center is-layout-flow wp-container-core-column-is-layout-71c1d140 wp-block-column-is-layout-flow\" style=\"padding-top:var(--wp--preset--spacing--50);padding-right:var(--wp--preset--spacing--50);padding-bottom:var(--wp--preset--spacing--50);padding-left:var(--wp--preset--spacing--50)\">\n<h3 class=\"wp-block-heading\">DAlhua<\/h3>\n\n\n\n<p>Juste en dessous du prestige de HikVision, nos cam\u00e9ras Dahua proposent une gamme de produits captivante, alliant des performances de pointe \u00e0 des prix attractifs. Adapt\u00e9es aussi bien aux particuliers qu&rsquo;aux entreprises, les cam\u00e9ras Dahua incarnent l&rsquo;\u00e9quilibre parfait entre fonctionnalit\u00e9s avanc\u00e9es et accessibilit\u00e9 financi\u00e8re.<\/p>\n\n\n\n<div class=\"wp-block-buttons is-layout-flex wp-block-buttons-is-layout-flex\">\n<div class=\"wp-block-button is-style-primary\"><a class=\"wp-block-button__link wp-element-button\" href=\"https:\/\/www.dahuasecurity.com\/fr\">En savoir +<\/a><\/div>\n<\/div>\n<\/div>\n<\/div>\n<\/div>\n\n\n\n<div class=\"wp-block-group alignfull is-layout-constrained wp-container-core-group-is-layout-876a7d94 wp-block-group-is-layout-constrained\" style=\"margin-top:0px;margin-bottom:0px;padding-top:var(--wp--preset--spacing--80);padding-right:var(--wp--preset--spacing--40);padding-bottom:var(--wp--preset--spacing--80);padding-left:var(--wp--preset--spacing--40)\">\n<div class=\"wp-block-group alignwide is-layout-flow wp-container-core-group-is-layout-cd434741 wp-block-group-is-layout-flow\">\n<div class=\"wp-block-columns are-vertically-aligned-center has-raft-bg-alt-background-color has-background is-layout-flex wp-container-core-columns-is-layout-e05d3243 wp-block-columns-is-layout-flex\" style=\"padding-top:0px;padding-right:0px;padding-bottom:0px;padding-left:0px\">\n<div class=\"wp-block-column is-vertically-aligned-center is-layout-flow wp-block-column-is-layout-flow\" style=\"flex-basis:40%\">\n<figure class=\"wp-block-image size-full\"><img loading=\"lazy\" decoding=\"async\" width=\"707\" height=\"1000\" src=\"http:\/\/rinformatique.eu\/wp-content\/uploads\/2024\/01\/showroom_Reolink.jpeg\" alt=\"\" class=\"wp-image-161\" srcset=\"https:\/\/rinformatique.eu\/wp-content\/uploads\/2024\/01\/showroom_Reolink.jpeg 707w, https:\/\/rinformatique.eu\/wp-content\/uploads\/2024\/01\/showroom_Reolink-212x300.jpeg 212w\" sizes=\"auto, (max-width: 707px) 100vw, 707px\" \/><\/figure>\n<\/div>\n\n\n\n<div class=\"wp-block-column is-vertically-aligned-center is-layout-flow wp-container-core-column-is-layout-71c1d140 wp-block-column-is-layout-flow\" style=\"padding-top:var(--wp--preset--spacing--50);padding-right:var(--wp--preset--spacing--50);padding-bottom:var(--wp--preset--spacing--50);padding-left:var(--wp--preset--spacing--50)\">\n<h3 class=\"wp-block-heading\">Reolink<\/h3>\n\n\n\n<p>Plongez dans le monde du milieu de gamme avec nos cam\u00e9ras Reolink, offrant un rapport qualit\u00e9-prix exceptionnel. Id\u00e9ales pour les particuliers, ces cam\u00e9ras vous permettent de b\u00e9n\u00e9ficier de fonctionnalit\u00e9s avanc\u00e9es sans compromettre la simplicit\u00e9 de configuration. Avec Reolink, la surveillance \u00e0 domicile devient une exp\u00e9rience sans souci.<\/p>\n\n\n\n<div class=\"wp-block-buttons is-layout-flex wp-block-buttons-is-layout-flex\">\n<div class=\"wp-block-button is-style-primary\"><a class=\"wp-block-button__link wp-element-button\" href=\"https:\/\/store.reolink.com\/fr\/\">En savoir +<\/a><\/div>\n<\/div>\n<\/div>\n<\/div>\n\n\n\n<div class=\"wp-block-columns are-vertically-aligned-center has-raft-bg-alt-background-color has-background is-layout-flex wp-container-core-columns-is-layout-e05d3243 wp-block-columns-is-layout-flex\" style=\"padding-top:0px;padding-right:0px;padding-bottom:0px;padding-left:0px\">\n<div class=\"wp-block-column is-vertically-aligned-center is-layout-flow wp-block-column-is-layout-flow\" style=\"flex-basis:40%\">\n<figure class=\"wp-block-image size-full\"><img loading=\"lazy\" decoding=\"async\" width=\"1920\" height=\"2560\" src=\"http:\/\/rinformatique.eu\/wp-content\/uploads\/2024\/01\/showroom_Ctronics1-scaled.jpeg\" alt=\"\" class=\"wp-image-163\" srcset=\"https:\/\/rinformatique.eu\/wp-content\/uploads\/2024\/01\/showroom_Ctronics1-scaled.jpeg 1920w, https:\/\/rinformatique.eu\/wp-content\/uploads\/2024\/01\/showroom_Ctronics1-225x300.jpeg 225w, https:\/\/rinformatique.eu\/wp-content\/uploads\/2024\/01\/showroom_Ctronics1-768x1024.jpeg 768w, https:\/\/rinformatique.eu\/wp-content\/uploads\/2024\/01\/showroom_Ctronics1-1152x1536.jpeg 1152w, https:\/\/rinformatique.eu\/wp-content\/uploads\/2024\/01\/showroom_Ctronics1-1536x2048.jpeg 1536w\" sizes=\"auto, (max-width: 1920px) 100vw, 1920px\" \/><\/figure>\n<\/div>\n\n\n\n<div class=\"wp-block-column is-vertically-aligned-center is-layout-flow wp-container-core-column-is-layout-71c1d140 wp-block-column-is-layout-flow\" style=\"padding-top:var(--wp--preset--spacing--50);padding-right:var(--wp--preset--spacing--50);padding-bottom:var(--wp--preset--spacing--50);padding-left:var(--wp--preset--spacing--50)\">\n<h3 class=\"wp-block-heading\">Ctronics<\/h3>\n\n\n\n<p>Explorez nos cam\u00e9ras d&rsquo;entr\u00e9e de gamme avec Ctronics, des dispositifs wifi parfaitement adapt\u00e9s aux besoins des particuliers. Faciles \u00e0 installer et \u00e0 utiliser, ces cam\u00e9ras offrent une solution abordable pour renforcer la s\u00e9curit\u00e9 de votre domicile. Optez pour la simplicit\u00e9 et la fonctionnalit\u00e9 avec les cam\u00e9ras Ctronics.<\/p>\n\n\n\n<div class=\"wp-block-buttons is-layout-flex wp-block-buttons-is-layout-flex\">\n<div class=\"wp-block-button is-style-primary\"><a class=\"wp-block-button__link wp-element-button\">En savoir +<\/a><\/div>\n<\/div>\n<\/div>\n<\/div>\n<\/div>\n<\/div>\n<\/div>\n","protected":false},"excerpt":{"rendered":"<p>Un Devis, un Conseil ? Prenez rendez-vous pour un devis avec notre expert en vid\u00e9o surveillance qui saura vous conseiller Nos produits et nos Showrooms HikVision Plongez dans l&rsquo;excellence avec nos cam\u00e9ras HikVision, le pinacle de la haute gamme disponible dans notre boutique. En tant que joyaux technologiques, elles repr\u00e9sentent le summum de l&rsquo;innovation, offrant [&hellip;]<\/p>\n","protected":false},"author":1,"featured_media":0,"parent":0,"menu_order":0,"comment_status":"closed","ping_status":"closed","template":"","meta":{"footnotes":""},"class_list":["post-141","page","type-page","status-publish","hentry"],"yoast_head":"<!-- This site is optimized with the Yoast SEO plugin v22.8 - https:\/\/yoast.com\/wordpress\/plugins\/seo\/ -->\n<title>Vid\u00e9o Surveillance - Rinformatique<\/title>\n<meta name=\"robots\" content=\"index, follow, max-snippet:-1, max-image-preview:large, max-video-preview:-1\" \/>\n<link rel=\"canonical\" href=\"https:\/\/rinformatique.eu\/index.php\/cameras\/\" \/>\n<meta property=\"og:locale\" content=\"fr_FR\" \/>\n<meta property=\"og:type\" content=\"article\" \/>\n<meta property=\"og:title\" content=\"Vid\u00e9o Surveillance - Rinformatique\" \/>\n<meta property=\"og:description\" content=\"Un Devis, un Conseil ? Prenez rendez-vous pour un devis avec notre expert en vid\u00e9o surveillance qui saura vous conseiller Nos produits et nos Showrooms HikVision Plongez dans l&rsquo;excellence avec nos cam\u00e9ras HikVision, le pinacle de la haute gamme disponible dans notre boutique. En tant que joyaux technologiques, elles repr\u00e9sentent le summum de l&rsquo;innovation, offrant [&hellip;]\" \/>\n<meta property=\"og:url\" content=\"https:\/\/rinformatique.eu\/index.php\/cameras\/\" \/>\n<meta property=\"og:site_name\" content=\"Rinformatique\" \/>\n<meta property=\"article:modified_time\" content=\"2024-04-22T12:32:14+00:00\" \/>\n<meta property=\"og:image\" content=\"http:\/\/rinformatique.eu\/wp-content\/uploads\/2024\/01\/showroom_Hik.jpeg\" \/>\n<meta name=\"twitter:card\" content=\"summary_large_image\" \/>\n<meta name=\"twitter:label1\" content=\"Dur\u00e9e de lecture estim\u00e9e\" \/>\n\t<meta name=\"twitter:data1\" content=\"1 minute\" \/>\n<script type=\"application\/ld+json\" class=\"yoast-schema-graph\">{\"@context\":\"https:\/\/schema.org\",\"@graph\":[{\"@type\":\"WebPage\",\"@id\":\"https:\/\/rinformatique.eu\/index.php\/cameras\/\",\"url\":\"https:\/\/rinformatique.eu\/index.php\/cameras\/\",\"name\":\"Vid\u00e9o Surveillance - Rinformatique\",\"isPartOf\":{\"@id\":\"https:\/\/rinformatique.eu\/#website\"},\"primaryImageOfPage\":{\"@id\":\"https:\/\/rinformatique.eu\/index.php\/cameras\/#primaryimage\"},\"image\":{\"@id\":\"https:\/\/rinformatique.eu\/index.php\/cameras\/#primaryimage\"},\"thumbnailUrl\":\"http:\/\/rinformatique.eu\/wp-content\/uploads\/2024\/01\/showroom_Hik.jpeg\",\"datePublished\":\"2024-01-18T08:34:07+00:00\",\"dateModified\":\"2024-04-22T12:32:14+00:00\",\"breadcrumb\":{\"@id\":\"https:\/\/rinformatique.eu\/index.php\/cameras\/#breadcrumb\"},\"inLanguage\":\"fr-FR\",\"potentialAction\":[{\"@type\":\"ReadAction\",\"target\":[\"https:\/\/rinformatique.eu\/index.php\/cameras\/\"]}]},{\"@type\":\"ImageObject\",\"inLanguage\":\"fr-FR\",\"@id\":\"https:\/\/rinformatique.eu\/index.php\/cameras\/#primaryimage\",\"url\":\"https:\/\/rinformatique.eu\/wp-content\/uploads\/2024\/01\/showroom_Hik.jpeg\",\"contentUrl\":\"https:\/\/rinformatique.eu\/wp-content\/uploads\/2024\/01\/showroom_Hik.jpeg\",\"width\":707,\"height\":1000},{\"@type\":\"BreadcrumbList\",\"@id\":\"https:\/\/rinformatique.eu\/index.php\/cameras\/#breadcrumb\",\"itemListElement\":[{\"@type\":\"ListItem\",\"position\":1,\"name\":\"Accueil\",\"item\":\"https:\/\/rinformatique.eu\/\"},{\"@type\":\"ListItem\",\"position\":2,\"name\":\"Vid\u00e9o Surveillance\"}]},{\"@type\":\"WebSite\",\"@id\":\"https:\/\/rinformatique.eu\/#website\",\"url\":\"https:\/\/rinformatique.eu\/\",\"name\":\"La Boutique du R\u00e9seaux\",\"description\":\"Votre Partn&#039;R informatique\",\"publisher\":{\"@id\":\"https:\/\/rinformatique.eu\/#organization\"},\"potentialAction\":[{\"@type\":\"SearchAction\",\"target\":{\"@type\":\"EntryPoint\",\"urlTemplate\":\"https:\/\/rinformatique.eu\/?s={search_term_string}\"},\"query-input\":\"required name=search_term_string\"}],\"inLanguage\":\"fr-FR\"},{\"@type\":\"Organization\",\"@id\":\"https:\/\/rinformatique.eu\/#organization\",\"name\":\"R informatique\",\"url\":\"https:\/\/rinformatique.eu\/\",\"logo\":{\"@type\":\"ImageObject\",\"inLanguage\":\"fr-FR\",\"@id\":\"https:\/\/rinformatique.eu\/#\/schema\/logo\/image\/\",\"url\":\"https:\/\/rinformatique.eu\/wp-content\/uploads\/2023\/12\/Design_sans_titre-removebg-preview.png\",\"contentUrl\":\"https:\/\/rinformatique.eu\/wp-content\/uploads\/2023\/12\/Design_sans_titre-removebg-preview.png\",\"width\":500,\"height\":500,\"caption\":\"R informatique\"},\"image\":{\"@id\":\"https:\/\/rinformatique.eu\/#\/schema\/logo\/image\/\"},\"sameAs\":[\"https:\/\/www.linkedin.com\/company\/ridge-informatique\/\"]}]}<\/script>\n<!-- \/ Yoast SEO plugin. -->","yoast_head_json":{"title":"Vid\u00e9o Surveillance - Rinformatique","robots":{"index":"index","follow":"follow","max-snippet":"max-snippet:-1","max-image-preview":"max-image-preview:large","max-video-preview":"max-video-preview:-1"},"canonical":"https:\/\/rinformatique.eu\/index.php\/cameras\/","og_locale":"fr_FR","og_type":"article","og_title":"Vid\u00e9o Surveillance - Rinformatique","og_description":"Un Devis, un Conseil ? Prenez rendez-vous pour un devis avec notre expert en vid\u00e9o surveillance qui saura vous conseiller Nos produits et nos Showrooms HikVision Plongez dans l&rsquo;excellence avec nos cam\u00e9ras HikVision, le pinacle de la haute gamme disponible dans notre boutique. En tant que joyaux technologiques, elles repr\u00e9sentent le summum de l&rsquo;innovation, offrant [&hellip;]","og_url":"https:\/\/rinformatique.eu\/index.php\/cameras\/","og_site_name":"Rinformatique","article_modified_time":"2024-04-22T12:32:14+00:00","og_image":[{"url":"http:\/\/rinformatique.eu\/wp-content\/uploads\/2024\/01\/showroom_Hik.jpeg"}],"twitter_card":"summary_large_image","twitter_misc":{"Dur\u00e9e de lecture estim\u00e9e":"1 minute"},"schema":{"@context":"https:\/\/schema.org","@graph":[{"@type":"WebPage","@id":"https:\/\/rinformatique.eu\/index.php\/cameras\/","url":"https:\/\/rinformatique.eu\/index.php\/cameras\/","name":"Vid\u00e9o Surveillance - Rinformatique","isPartOf":{"@id":"https:\/\/rinformatique.eu\/#website"},"primaryImageOfPage":{"@id":"https:\/\/rinformatique.eu\/index.php\/cameras\/#primaryimage"},"image":{"@id":"https:\/\/rinformatique.eu\/index.php\/cameras\/#primaryimage"},"thumbnailUrl":"http:\/\/rinformatique.eu\/wp-content\/uploads\/2024\/01\/showroom_Hik.jpeg","datePublished":"2024-01-18T08:34:07+00:00","dateModified":"2024-04-22T12:32:14+00:00","breadcrumb":{"@id":"https:\/\/rinformatique.eu\/index.php\/cameras\/#breadcrumb"},"inLanguage":"fr-FR","potentialAction":[{"@type":"ReadAction","target":["https:\/\/rinformatique.eu\/index.php\/cameras\/"]}]},{"@type":"ImageObject","inLanguage":"fr-FR","@id":"https:\/\/rinformatique.eu\/index.php\/cameras\/#primaryimage","url":"https:\/\/rinformatique.eu\/wp-content\/uploads\/2024\/01\/showroom_Hik.jpeg","contentUrl":"https:\/\/rinformatique.eu\/wp-content\/uploads\/2024\/01\/showroom_Hik.jpeg","width":707,"height":1000},{"@type":"BreadcrumbList","@id":"https:\/\/rinformatique.eu\/index.php\/cameras\/#breadcrumb","itemListElement":[{"@type":"ListItem","position":1,"name":"Accueil","item":"https:\/\/rinformatique.eu\/"},{"@type":"ListItem","position":2,"name":"Vid\u00e9o Surveillance"}]},{"@type":"WebSite","@id":"https:\/\/rinformatique.eu\/#website","url":"https:\/\/rinformatique.eu\/","name":"La Boutique du R\u00e9seaux","description":"Votre Partn&#039;R informatique","publisher":{"@id":"https:\/\/rinformatique.eu\/#organization"},"potentialAction":[{"@type":"SearchAction","target":{"@type":"EntryPoint","urlTemplate":"https:\/\/rinformatique.eu\/?s={search_term_string}"},"query-input":"required name=search_term_string"}],"inLanguage":"fr-FR"},{"@type":"Organization","@id":"https:\/\/rinformatique.eu\/#organization","name":"R informatique","url":"https:\/\/rinformatique.eu\/","logo":{"@type":"ImageObject","inLanguage":"fr-FR","@id":"https:\/\/rinformatique.eu\/#\/schema\/logo\/image\/","url":"https:\/\/rinformatique.eu\/wp-content\/uploads\/2023\/12\/Design_sans_titre-removebg-preview.png","contentUrl":"https:\/\/rinformatique.eu\/wp-content\/uploads\/2023\/12\/Design_sans_titre-removebg-preview.png","width":500,"height":500,"caption":"R informatique"},"image":{"@id":"https:\/\/rinformatique.eu\/#\/schema\/logo\/image\/"},"sameAs":["https:\/\/www.linkedin.com\/company\/ridge-informatique\/"]}]}},"_links":{"self":[{"href":"https:\/\/rinformatique.eu\/index.php\/wp-json\/wp\/v2\/pages\/141","targetHints":{"allow":["GET"]}}],"collection":[{"href":"https:\/\/rinformatique.eu\/index.php\/wp-json\/wp\/v2\/pages"}],"about":[{"href":"https:\/\/rinformatique.eu\/index.php\/wp-json\/wp\/v2\/types\/page"}],"author":[{"embeddable":true,"href":"https:\/\/rinformatique.eu\/index.php\/wp-json\/wp\/v2\/users\/1"}],"replies":[{"embeddable":true,"href":"https:\/\/rinformatique.eu\/index.php\/wp-json\/wp\/v2\/comments?post=141"}],"version-history":[{"count":11,"href":"https:\/\/rinformatique.eu\/index.php\/wp-json\/wp\/v2\/pages\/141\/revisions"}],"predecessor-version":[{"id":208,"href":"https:\/\/rinformatique.eu\/index.php\/wp-json\/wp\/v2\/pages\/141\/revisions\/208"}],"wp:attachment":[{"href":"https:\/\/rinformatique.eu\/index.php\/wp-json\/wp\/v2\/media?parent=141"}],"curies":[{"name":"wp","href":"https:\/\/api.w.org\/{rel}","templated":true}]}}